{"id":2346,"date":"2019-09-05T07:29:25","date_gmt":"2019-09-05T13:29:25","guid":{"rendered":"https:\/\/netsd.mx\/?page_id=2346"},"modified":"2019-10-17T15:28:59","modified_gmt":"2019-10-17T21:28:59","slug":"quienes-somos","status":"publish","type":"page","link":"https:\/\/netsd.mx\/?page_id=2346","title":{"rendered":"\u00bfQui\u00e9nes somos?"},"content":{"rendered":"\t\t<div data-elementor-type=\"wp-post\" data-elementor-id=\"2346\" class=\"elementor elementor-2346\" data-elementor-post-type=\"page\">\n\t\t\t\t\t\t<section class=\"elementor-section elementor-top-section elementor-element elementor-element-637934f2 elementor-section-height-min-height elementor-section-items-top elementor-section-boxed elementor-section-height-default\" data-id=\"637934f2\" data-element_type=\"section\" data-settings=\"{&quot;background_background&quot;:&quot;classic&quot;,&quot;shape_divider_bottom&quot;:&quot;mountains&quot;}\">\n\t\t\t\t\t<div class=\"elementor-shape elementor-shape-bottom\" aria-hidden=\"true\" data-negative=\"false\">\n\t\t\t<svg xmlns=\"http:\/\/www.w3.org\/2000\/svg\" viewBox=\"0 0 1000 100\" preserveAspectRatio=\"none\">\n\t<path class=\"elementor-shape-fill\" opacity=\"0.33\" d=\"M473,67.3c-203.9,88.3-263.1-34-320.3,0C66,119.1,0,59.7,0,59.7V0h1000v59.7 c0,0-62.1,26.1-94.9,29.3c-32.8,3.3-62.8-12.3-75.8-22.1C806,49.6,745.3,8.7,694.9,4.7S492.4,59,473,67.3z\"\/>\n\t<path class=\"elementor-shape-fill\" opacity=\"0.66\" d=\"M734,67.3c-45.5,0-77.2-23.2-129.1-39.1c-28.6-8.7-150.3-10.1-254,39.1 s-91.7-34.4-149.2,0C115.7,118.3,0,39.8,0,39.8V0h1000v36.5c0,0-28.2-18.5-92.1-18.5C810.2,18.1,775.7,67.3,734,67.3z\"\/>\n\t<path class=\"elementor-shape-fill\" d=\"M766.1,28.9c-200-57.5-266,65.5-395.1,19.5C242,1.8,242,5.4,184.8,20.6C128,35.8,132.3,44.9,89.9,52.5C28.6,63.7,0,0,0,0 h1000c0,0-9.9,40.9-83.6,48.1S829.6,47,766.1,28.9z\"\/>\n<\/svg>\t\t<\/div>\n\t\t\t\t\t<div class=\"elementor-container elementor-column-gap-default\">\n\t\t\t\t\t<div class=\"elementor-column elementor-col-100 elementor-top-column elementor-element elementor-element-4e5b398\" data-id=\"4e5b398\" data-element_type=\"column\">\n\t\t\t<div class=\"elementor-widget-wrap elementor-element-populated\">\n\t\t\t\t\t\t<div class=\"elementor-element elementor-element-3907609 elementor-widget elementor-widget-heading\" data-id=\"3907609\" data-element_type=\"widget\" data-widget_type=\"heading.default\">\n\t\t\t\t<div class=\"elementor-widget-container\">\n\t\t\t\t\t<h2 class=\"elementor-heading-title elementor-size-default\">NetSD<\/h2>\t\t\t\t<\/div>\n\t\t\t\t<\/div>\n\t\t\t\t<div class=\"elementor-element elementor-element-f2c2ba1 elementor-widget elementor-widget-heading\" data-id=\"f2c2ba1\" data-element_type=\"widget\" data-widget_type=\"heading.default\">\n\t\t\t\t<div class=\"elementor-widget-container\">\n\t\t\t\t\t<h2 class=\"elementor-heading-title elementor-size-default\">\u00bfQui\u00e9nes Somos?<\/h2>\t\t\t\t<\/div>\n\t\t\t\t<\/div>\n\t\t\t\t\t<\/div>\n\t\t<\/div>\n\t\t\t\t\t<\/div>\n\t\t<\/section>\n\t\t\t\t<section class=\"elementor-section elementor-top-section elementor-element elementor-element-b8686bb elementor-section-boxed elementor-section-height-default elementor-section-height-default\" data-id=\"b8686bb\" data-element_type=\"section\">\n\t\t\t\t\t\t<div class=\"elementor-container elementor-column-gap-default\">\n\t\t\t\t\t<div class=\"elementor-column elementor-col-50 elementor-top-column elementor-element elementor-element-ed47b33\" data-id=\"ed47b33\" data-element_type=\"column\">\n\t\t\t<div class=\"elementor-widget-wrap elementor-element-populated\">\n\t\t\t\t\t\t<div class=\"elementor-element elementor-element-5f9594d elementor-widget elementor-widget-text-editor\" data-id=\"5f9594d\" data-element_type=\"widget\" data-widget_type=\"text-editor.default\">\n\t\t\t\t<div class=\"elementor-widget-container\">\n\t\t\t\t\t\t\t\t\t<p><strong>NetSD<\/strong><em>\u00a0(Networks Solution Developers)<\/em>\u00a0empresa 100% mexicana especializada en el dise\u00f1o, configuraci\u00f3n y soporte de redes, colaboraci\u00f3n, seguridad y centros de datos.<\/p><p>Nuestro excelente equipo de ingenieros cuenta con mas de 10 a\u00f1os de experiencia en tecnolog\u00edas de la informaci\u00f3n y cuenta con las certificaciones m\u00e1s reconocidas de la industria de telecomunicaciones.<\/p><p><strong>NetSD<\/strong> nace con el firme prop\u00f3sito de integrar soluciones tecnol\u00f3gicas de vanguardia con las cuales nuestros clientes puedan apoyarse para optimizar su infraestructura de TI y les permita agilizar sus procesos de negocio.<\/p>\t\t\t\t\t\t\t\t<\/div>\n\t\t\t\t<\/div>\n\t\t\t\t<div class=\"elementor-element elementor-element-59c4593 elementor-icon-list--layout-traditional elementor-list-item-link-full_width elementor-widget elementor-widget-icon-list\" data-id=\"59c4593\" data-element_type=\"widget\" data-widget_type=\"icon-list.default\">\n\t\t\t\t<div class=\"elementor-widget-container\">\n\t\t\t\t\t\t\t<ul class=\"elementor-icon-list-items\">\n\t\t\t\t\t\t\t<li class=\"elementor-icon-list-item\">\n\t\t\t\t\t\t\t\t\t\t\t<span class=\"elementor-icon-list-icon\">\n\t\t\t\t\t\t\t<svg xmlns=\"http:\/\/www.w3.org\/2000\/svg\" xmlns:xlink=\"http:\/\/www.w3.org\/1999\/xlink\" id=\"Capa_1\" x=\"0px\" y=\"0px\" viewBox=\"0 0 300 300\" style=\"enable-background:new 0 0 300 300;\" xml:space=\"preserve\"><rect x=\"119.9\" y=\"45.2\" transform=\"matrix(0.9222 -0.3868 0.3868 0.9222 -52.9383 61.5595)\" style=\"fill:#04576C;\" width=\"13.1\" height=\"234.2\"><\/rect><rect x=\"155.1\" y=\"-38.5\" transform=\"matrix(-1.554976e-02 -0.9999 0.9999 -1.554976e-02 115.8064 211.2322)\" style=\"fill:#04576C;\" width=\"13.5\" height=\"174.2\"><\/rect><rect x=\"241.8\" y=\"35.6\" transform=\"matrix(0.9844 -0.1758 0.1758 0.9844 -14.4046 45.3743)\" style=\"fill:#04576C;\" width=\"14.1\" height=\"136.7\"><\/rect><rect x=\"206.3\" y=\"149.6\" transform=\"matrix(0.6571 0.7538 -0.7538 0.6571 237.4644 -86.1378)\" style=\"fill:#04576C;\" width=\"14.1\" height=\"136.7\"><\/rect><rect x=\"43.8\" y=\"44.2\" transform=\"matrix(0.959 0.2835 -0.2835 0.959 34.0033 -9.8083)\" style=\"fill:#04576C;\" width=\"14.1\" height=\"136.7\"><\/rect><rect x=\"93.3\" y=\"155.2\" transform=\"matrix(0.5912 -0.8065 0.8065 0.5912 -139.2681 172.3561)\" style=\"fill:#04576C;\" width=\"14.1\" height=\"136.7\"><\/rect><rect x=\"165.3\" y=\"16.5\" transform=\"matrix(-0.6797 -0.7335 0.7335 -0.6797 212.888 299.8211)\" style=\"fill:#04576C;\" width=\"13.3\" height=\"173.8\"><\/rect><rect x=\"186.7\" y=\"76.3\" transform=\"matrix(7.148487e-02 -0.9974 0.9974 7.148487e-02 16.7764 344.4424)\" style=\"fill:#04576C;\" width=\"13.3\" height=\"173.8\"><\/rect><rect x=\"79.9\" y=\"117\" transform=\"matrix(-0.1439 -0.9896 0.9896 -0.1439 -62.2571 271.671)\" style=\"fill:#04576C;\" width=\"13\" height=\"91.5\"><\/rect><circle style=\"fill:#006988;\" cx=\"71.2\" cy=\"42.8\" r=\"23.8\"><\/circle><circle style=\"fill:#006988;\" cx=\"234.7\" cy=\"47.4\" r=\"23.8\"><\/circle><circle style=\"fill:#006988;\" cx=\"257.5\" cy=\"166.6\" r=\"23.8\"><\/circle><circle style=\"fill:#006988;\" cx=\"164.3\" cy=\"257.3\" r=\"23.8\"><\/circle><circle style=\"fill:#006988;\" cx=\"41.5\" cy=\"171.8\" r=\"23.8\"><\/circle><circle style=\"fill:#006988;\" cx=\"123.4\" cy=\"157\" r=\"23.8\"><\/circle><\/svg>\t\t\t\t\t\t<\/span>\n\t\t\t\t\t\t\t\t\t\t<span class=\"elementor-icon-list-text\"><h3><b>Misi\u00f3n<\/b><\/h3>Proveer servicios que generen valor, buscando trabajar en equipo con nuestros clientes para asegurar el correcto funcionamiento de su infraestructura de TI.<\/span>\n\t\t\t\t\t\t\t\t\t<\/li>\n\t\t\t\t\t\t\t\t<li class=\"elementor-icon-list-item\">\n\t\t\t\t\t\t\t\t\t\t\t<span class=\"elementor-icon-list-icon\">\n\t\t\t\t\t\t\t<svg xmlns=\"http:\/\/www.w3.org\/2000\/svg\" xmlns:xlink=\"http:\/\/www.w3.org\/1999\/xlink\" id=\"Capa_1\" x=\"0px\" y=\"0px\" viewBox=\"0 0 300 300\" style=\"enable-background:new 0 0 300 300;\" xml:space=\"preserve\"><rect x=\"119.9\" y=\"45.2\" transform=\"matrix(0.9222 -0.3868 0.3868 0.9222 -52.9383 61.5595)\" style=\"fill:#04576C;\" width=\"13.1\" height=\"234.2\"><\/rect><rect x=\"155.1\" y=\"-38.5\" transform=\"matrix(-1.554976e-02 -0.9999 0.9999 -1.554976e-02 115.8064 211.2322)\" style=\"fill:#04576C;\" width=\"13.5\" height=\"174.2\"><\/rect><rect x=\"241.8\" y=\"35.6\" transform=\"matrix(0.9844 -0.1758 0.1758 0.9844 -14.4046 45.3743)\" style=\"fill:#04576C;\" width=\"14.1\" height=\"136.7\"><\/rect><rect x=\"206.3\" y=\"149.6\" transform=\"matrix(0.6571 0.7538 -0.7538 0.6571 237.4644 -86.1378)\" style=\"fill:#04576C;\" width=\"14.1\" height=\"136.7\"><\/rect><rect x=\"43.8\" y=\"44.2\" transform=\"matrix(0.959 0.2835 -0.2835 0.959 34.0033 -9.8083)\" style=\"fill:#04576C;\" width=\"14.1\" height=\"136.7\"><\/rect><rect x=\"93.3\" y=\"155.2\" transform=\"matrix(0.5912 -0.8065 0.8065 0.5912 -139.2681 172.3561)\" style=\"fill:#04576C;\" width=\"14.1\" height=\"136.7\"><\/rect><rect x=\"165.3\" y=\"16.5\" transform=\"matrix(-0.6797 -0.7335 0.7335 -0.6797 212.888 299.8211)\" style=\"fill:#04576C;\" width=\"13.3\" height=\"173.8\"><\/rect><rect x=\"186.7\" y=\"76.3\" transform=\"matrix(7.148487e-02 -0.9974 0.9974 7.148487e-02 16.7764 344.4424)\" style=\"fill:#04576C;\" width=\"13.3\" height=\"173.8\"><\/rect><rect x=\"79.9\" y=\"117\" transform=\"matrix(-0.1439 -0.9896 0.9896 -0.1439 -62.2571 271.671)\" style=\"fill:#04576C;\" width=\"13\" height=\"91.5\"><\/rect><circle style=\"fill:#006988;\" cx=\"71.2\" cy=\"42.8\" r=\"23.8\"><\/circle><circle style=\"fill:#006988;\" cx=\"234.7\" cy=\"47.4\" r=\"23.8\"><\/circle><circle style=\"fill:#006988;\" cx=\"257.5\" cy=\"166.6\" r=\"23.8\"><\/circle><circle style=\"fill:#006988;\" cx=\"164.3\" cy=\"257.3\" r=\"23.8\"><\/circle><circle style=\"fill:#006988;\" cx=\"41.5\" cy=\"171.8\" r=\"23.8\"><\/circle><circle style=\"fill:#006988;\" cx=\"123.4\" cy=\"157\" r=\"23.8\"><\/circle><\/svg>\t\t\t\t\t\t<\/span>\n\t\t\t\t\t\t\t\t\t\t<span class=\"elementor-icon-list-text\"><h3><b>Visi\u00f3n<\/b><\/h3>Ser l\u00edder en el sector de tecnolog\u00edas de la informaci\u00f3n a nivel mundial y ofrecer un servicio de excelencia para nuestros clientes al ser el motor para la eficiencia de los procesos de negocio, mediante una optimizaci\u00f3n de la infraestructura tecnol\u00f3gica.<\/span>\n\t\t\t\t\t\t\t\t\t<\/li>\n\t\t\t\t\t\t<\/ul>\n\t\t\t\t\t\t<\/div>\n\t\t\t\t<\/div>\n\t\t\t\t\t<\/div>\n\t\t<\/div>\n\t\t\t\t<div class=\"elementor-column elementor-col-50 elementor-top-column elementor-element elementor-element-8da6b11\" data-id=\"8da6b11\" data-element_type=\"column\">\n\t\t\t<div class=\"elementor-widget-wrap elementor-element-populated\">\n\t\t\t\t\t\t<div class=\"elementor-element elementor-element-862253d elementor-widget elementor-widget-image\" data-id=\"862253d\" data-element_type=\"widget\" data-widget_type=\"image.default\">\n\t\t\t\t<div class=\"elementor-widget-container\">\n\t\t\t\t\t\t\t\t\t\t\t\t\t\t\t<img fetchpriority=\"high\" decoding=\"async\" width=\"800\" height=\"680\" src=\"https:\/\/netsd.mx\/wp-content\/uploads\/2019\/09\/nets.jpg\" class=\"attachment-large size-large wp-image-2648\" alt=\"\" srcset=\"https:\/\/netsd.mx\/wp-content\/uploads\/2019\/09\/nets.jpg 800w, https:\/\/netsd.mx\/wp-content\/uploads\/2019\/09\/nets-300x255.jpg 300w, https:\/\/netsd.mx\/wp-content\/uploads\/2019\/09\/nets-768x653.jpg 768w\" sizes=\"(max-width: 800px) 100vw, 800px\" \/>\t\t\t\t\t\t\t\t\t\t\t\t\t\t\t<\/div>\n\t\t\t\t<\/div>\n\t\t\t\t\t<\/div>\n\t\t<\/div>\n\t\t\t\t\t<\/div>\n\t\t<\/section>\n\t\t\t\t<section class=\"elementor-section elementor-top-section elementor-element elementor-element-baf6e29 elementor-section-boxed elementor-section-height-default elementor-section-height-default\" data-id=\"baf6e29\" data-element_type=\"section\">\n\t\t\t\t\t\t<div class=\"elementor-container elementor-column-gap-default\">\n\t\t\t\t\t<div class=\"elementor-column elementor-col-100 elementor-top-column elementor-element elementor-element-48782b5\" data-id=\"48782b5\" data-element_type=\"column\">\n\t\t\t<div class=\"elementor-widget-wrap elementor-element-populated\">\n\t\t\t\t\t\t<div class=\"elementor-element elementor-element-3601226 elementor-align-center elementor-widget elementor-widget-button\" data-id=\"3601226\" data-element_type=\"widget\" data-widget_type=\"button.default\">\n\t\t\t\t<div class=\"elementor-widget-container\">\n\t\t\t\t\t\t\t\t\t<div class=\"elementor-button-wrapper\">\n\t\t\t\t\t<a class=\"elementor-button elementor-button-link elementor-size-md\" href=\"\/#contacto-form\">\n\t\t\t\t\t\t<span class=\"elementor-button-content-wrapper\">\n\t\t\t\t\t\t\t\t\t<span class=\"elementor-button-text\">Contacta<\/span>\n\t\t\t\t\t<\/span>\n\t\t\t\t\t<\/a>\n\t\t\t\t<\/div>\n\t\t\t\t\t\t\t\t<\/div>\n\t\t\t\t<\/div>\n\t\t\t\t\t<\/div>\n\t\t<\/div>\n\t\t\t\t\t<\/div>\n\t\t<\/section>\n\t\t\t\t<\/div>\n\t\t","protected":false},"excerpt":{"rendered":"<p>NetSD \u00bfQui\u00e9nes Somos? NetSD&nbsp;(Networks Solution Developers)&nbsp;empresa 100% mexicana especializada en el dise\u00f1o, configuraci\u00f3n y soporte de redes, colaboraci\u00f3n, seguridad y centros de datos. Nuestro excelente equipo de ingenieros cuenta con mas de 10 a\u00f1os de experiencia en tecnolog\u00edas de la informaci\u00f3n y cuenta con las certificaciones m\u00e1s reconocidas de la industria de telecomunicaciones. NetSD nace &#8230; <a title=\"\u00bfQui\u00e9nes somos?\" class=\"read-more\" href=\"https:\/\/netsd.mx\/?page_id=2346\" aria-label=\"Leer m\u00e1s sobre \u00bfQui\u00e9nes somos?\">Leer m\u00e1s<\/a><\/p>\n <p>(...)<\/p>","protected":false},"author":3,"featured_media":0,"parent":0,"menu_order":0,"comment_status":"closed","ping_status":"closed","template":"elementor_header_footer","meta":{"_exactmetrics_skip_tracking":false,"_exactmetrics_sitenote_active":false,"_exactmetrics_sitenote_note":"","_exactmetrics_sitenote_category":0,"footnotes":""},"class_list":["post-2346","page","type-page","status-publish"],"featured_image_src":null,"featured_image_src_square":null,"_links":{"self":[{"href":"https:\/\/netsd.mx\/index.php?rest_route=\/wp\/v2\/pages\/2346","targetHints":{"allow":["GET"]}}],"collection":[{"href":"https:\/\/netsd.mx\/index.php?rest_route=\/wp\/v2\/pages"}],"about":[{"href":"https:\/\/netsd.mx\/index.php?rest_route=\/wp\/v2\/types\/page"}],"author":[{"embeddable":true,"href":"https:\/\/netsd.mx\/index.php?rest_route=\/wp\/v2\/users\/3"}],"replies":[{"embeddable":true,"href":"https:\/\/netsd.mx\/index.php?rest_route=%2Fwp%2Fv2%2Fcomments&post=2346"}],"version-history":[{"count":5,"href":"https:\/\/netsd.mx\/index.php?rest_route=\/wp\/v2\/pages\/2346\/revisions"}],"predecessor-version":[{"id":2802,"href":"https:\/\/netsd.mx\/index.php?rest_route=\/wp\/v2\/pages\/2346\/revisions\/2802"}],"wp:attachment":[{"href":"https:\/\/netsd.mx\/index.php?rest_route=%2Fwp%2Fv2%2Fmedia&parent=2346"}],"curies":[{"name":"wp","href":"https:\/\/api.w.org\/{rel}","templated":true}]}}